{"id":297,"date":"2025-03-31T16:34:41","date_gmt":"2025-03-31T14:34:41","guid":{"rendered":"https:\/\/liseamaniou.com\/?page_id=297"},"modified":"2025-03-31T16:49:38","modified_gmt":"2025-03-31T14:49:38","slug":"studio-nu","status":"publish","type":"page","link":"https:\/\/liseamaniou.com\/sv\/studio-nu\/","title":{"rendered":"studio NU"},"content":{"rendered":"<figure class=\"wp-block-gallery has-nested-images columns-2 is-cropped wp-block-gallery-1 is-layout-flex wp-block-gallery-is-layout-flex\">\n<figure class=\"wp-block-image size-large\"><img loading=\"lazy\" decoding=\"async\" width=\"768\" height=\"1024\" data-id=\"313\" src=\"https:\/\/liseamaniou.com\/wp-content\/uploads\/2025\/03\/76434704174__E038E869-CAA1-4F8A-9EFF-365A70E7C6E1-768x1024.webp\" alt=\"\" class=\"wp-image-313\" srcset=\"https:\/\/liseamaniou.com\/wp-content\/uploads\/2025\/03\/76434704174__E038E869-CAA1-4F8A-9EFF-365A70E7C6E1-768x1024.webp 768w, https:\/\/liseamaniou.com\/wp-content\/uploads\/2025\/03\/76434704174__E038E869-CAA1-4F8A-9EFF-365A70E7C6E1-225x300.webp 225w, https:\/\/liseamaniou.com\/wp-content\/uploads\/2025\/03\/76434704174__E038E869-CAA1-4F8A-9EFF-365A70E7C6E1-1152x1536.webp 1152w, https:\/\/liseamaniou.com\/wp-content\/uploads\/2025\/03\/76434704174__E038E869-CAA1-4F8A-9EFF-365A70E7C6E1-1536x2048.webp 1536w, https:\/\/liseamaniou.com\/wp-content\/uploads\/2025\/03\/76434704174__E038E869-CAA1-4F8A-9EFF-365A70E7C6E1-scaled.webp 1920w\" sizes=\"auto, (max-width: 768px) 100vw, 768px\" \/><\/figure>\n\n\n\n<figure class=\"wp-block-image size-large\"><img loading=\"lazy\" decoding=\"async\" width=\"1024\" height=\"577\" data-id=\"316\" src=\"https:\/\/liseamaniou.com\/wp-content\/uploads\/2025\/03\/20250319_113734-1024x577.webp\" alt=\"\" class=\"wp-image-316\" srcset=\"https:\/\/liseamaniou.com\/wp-content\/uploads\/2025\/03\/20250319_113734-1024x577.webp 1024w, https:\/\/liseamaniou.com\/wp-content\/uploads\/2025\/03\/20250319_113734-300x169.webp 300w, https:\/\/liseamaniou.com\/wp-content\/uploads\/2025\/03\/20250319_113734-768x432.webp 768w, https:\/\/liseamaniou.com\/wp-content\/uploads\/2025\/03\/20250319_113734-1536x865.webp 1536w, https:\/\/liseamaniou.com\/wp-content\/uploads\/2025\/03\/20250319_113734-2048x1153.webp 2048w\" sizes=\"auto, (max-width: 1024px) 100vw, 1024px\" \/><\/figure>\n\n\n\n<figure class=\"wp-block-image size-large\"><img loading=\"lazy\" decoding=\"async\" width=\"1024\" height=\"577\" data-id=\"314\" src=\"https:\/\/liseamaniou.com\/wp-content\/uploads\/2025\/03\/20250319_113713-1024x577.webp\" alt=\"\" class=\"wp-image-314\" srcset=\"https:\/\/liseamaniou.com\/wp-content\/uploads\/2025\/03\/20250319_113713-1024x577.webp 1024w, https:\/\/liseamaniou.com\/wp-content\/uploads\/2025\/03\/20250319_113713-300x169.webp 300w, https:\/\/liseamaniou.com\/wp-content\/uploads\/2025\/03\/20250319_113713-768x432.webp 768w, https:\/\/liseamaniou.com\/wp-content\/uploads\/2025\/03\/20250319_113713-1536x865.webp 1536w, https:\/\/liseamaniou.com\/wp-content\/uploads\/2025\/03\/20250319_113713-2048x1153.webp 2048w\" sizes=\"auto, (max-width: 1024px) 100vw, 1024px\" \/><\/figure>\n\n\n\n<figure class=\"wp-block-image size-large\"><img loading=\"lazy\" decoding=\"async\" width=\"768\" height=\"1024\" data-id=\"315\" src=\"https:\/\/liseamaniou.com\/wp-content\/uploads\/2025\/03\/IMG_9156-2-768x1024.webp\" alt=\"\" class=\"wp-image-315\" srcset=\"https:\/\/liseamaniou.com\/wp-content\/uploads\/2025\/03\/IMG_9156-2-768x1024.webp 768w, https:\/\/liseamaniou.com\/wp-content\/uploads\/2025\/03\/IMG_9156-2-225x300.webp 225w, https:\/\/liseamaniou.com\/wp-content\/uploads\/2025\/03\/IMG_9156-2-1152x1536.webp 1152w, https:\/\/liseamaniou.com\/wp-content\/uploads\/2025\/03\/IMG_9156-2-1536x2048.webp 1536w, https:\/\/liseamaniou.com\/wp-content\/uploads\/2025\/03\/IMG_9156-2-scaled.webp 1920w\" sizes=\"auto, (max-width: 768px) 100vw, 768px\" \/><\/figure>\n<\/figure>\n\n\n\n<h2 id=\"wp-block-themeisle-blocks-advanced-heading-63ded936\" class=\"wp-block-themeisle-blocks-advanced-heading wp-block-themeisle-blocks-advanced-heading-63ded936\">Studio<\/h2>\n\n\n\n<p><strong>VAR<\/strong> <strong>\u00b7<\/strong> Jons v\u00e4g 21, Jonsered<\/p>\n\n\n\n<p><strong>TILLG\u00c5NG MED BIL \u00b7<\/strong> parkeringsplats bredvid studion (8 minuters bilresa fr\u00e5n Allum, Partille)<\/p>\n\n\n\n<p><strong>TILLG\u00c5NG MED KOLLEKTIV TRANSPORT \u00b7<\/strong> 3 bussh\u00e5llplatser f\u00f6ljt av 12 minuters promenad fr\u00e5n G\u00f6teborg Centralstationen.<\/p>\n\n\n\n<figure class=\"wp-block-image size-large is-resized\"><img loading=\"lazy\" decoding=\"async\" width=\"1024\" height=\"629\" src=\"https:\/\/liseamaniou.com\/wp-content\/uploads\/2025\/03\/Map-1024x629.webp\" alt=\"\" class=\"wp-image-299\" style=\"width:718px;height:auto\" srcset=\"https:\/\/liseamaniou.com\/wp-content\/uploads\/2025\/03\/Map-1024x629.webp 1024w, https:\/\/liseamaniou.com\/wp-content\/uploads\/2025\/03\/Map-300x184.webp 300w, https:\/\/liseamaniou.com\/wp-content\/uploads\/2025\/03\/Map-768x471.webp 768w, https:\/\/liseamaniou.com\/wp-content\/uploads\/2025\/03\/Map-png.webp 1116w\" sizes=\"auto, (max-width: 1024px) 100vw, 1024px\" \/><\/figure>\n\n\n\n<div style=\"height:150px\" aria-hidden=\"true\" class=\"wp-block-spacer\"><\/div>\n\n\n\n<h2 id=\"wp-block-themeisle-blocks-advanced-heading-f3fdfcfe\" class=\"wp-block-themeisle-blocks-advanced-heading wp-block-themeisle-blocks-advanced-heading-f3fdfcfe\">Studioetikett<\/h2>\n\n\n\n<ul class=\"wp-block-list\">\n<li>Kom i tid f\u00f6r att inte hitta st\u00e4ngda d\u00f6rrar.<\/li>\n\n\n\n<li>Telefoner m\u00e5ste vara tysta eller avst\u00e4ngda under lektionerna.<\/li>\n\n\n\n<li>Studion \u00e4r en s\u00e4ker plats. Filma eller ta inte bilder p\u00e5 andra elever utan uttryckligt medgivande.<\/li>\n<\/ul>\n\n\n\n<div style=\"height:150px\" aria-hidden=\"true\" class=\"wp-block-spacer\"><\/div>","protected":false},"excerpt":{"rendered":"<p>WHERE \u00b7 Jons v\u00e4g 21, Jonsered ACCESS BY CAR \u00b7 parking lot available next to the studio (8-minute drive from Allum, Partille) ACCESS BY PUBLIC TRANSPORT \u00b7 3 bus stops followed by a 12 minute-stroll from G\u00f6teborg Centralstationen.<\/p>","protected":false},"author":1,"featured_media":0,"parent":0,"menu_order":0,"comment_status":"closed","ping_status":"closed","template":"","meta":{"pmpro_default_level":"","_themeisle_gutenberg_block_has_review":false,"footnotes":""},"class_list":["post-297","page","type-page","status-publish","hentry","pmpro-has-access"],"_links":{"self":[{"href":"https:\/\/liseamaniou.com\/sv\/wp-json\/wp\/v2\/pages\/297","targetHints":{"allow":["GET"]}}],"collection":[{"href":"https:\/\/liseamaniou.com\/sv\/wp-json\/wp\/v2\/pages"}],"about":[{"href":"https:\/\/liseamaniou.com\/sv\/wp-json\/wp\/v2\/types\/page"}],"author":[{"embeddable":true,"href":"https:\/\/liseamaniou.com\/sv\/wp-json\/wp\/v2\/users\/1"}],"replies":[{"embeddable":true,"href":"https:\/\/liseamaniou.com\/sv\/wp-json\/wp\/v2\/comments?post=297"}],"version-history":[{"count":0,"href":"https:\/\/liseamaniou.com\/sv\/wp-json\/wp\/v2\/pages\/297\/revisions"}],"wp:attachment":[{"href":"https:\/\/liseamaniou.com\/sv\/wp-json\/wp\/v2\/media?parent=297"}],"curies":[{"name":"wp","href":"https:\/\/api.w.org\/{rel}","templated":true}]}}