{"id":182,"date":"2025-01-28T09:32:56","date_gmt":"2025-01-28T08:32:56","guid":{"rendered":"https:\/\/liseamaniou.com\/?page_id=182"},"modified":"2025-08-23T10:47:49","modified_gmt":"2025-08-23T08:47:49","slug":"booking-a-class","status":"publish","type":"page","link":"https:\/\/liseamaniou.com\/sv\/booking-a-class\/","title":{"rendered":"boka en klass"},"content":{"rendered":"<p class=\"has-text-align-center has-large-font-size\">V\u00e4lkommen till vackra Studio-NU i Jonsered!<\/p>\n\n\n\n<figure class=\"wp-block-gallery has-nested-images columns-default is-cropped wp-block-gallery-1 is-layout-flex wp-block-gallery-is-layout-flex\" style=\"margin-top:var(--wp--preset--spacing--10);margin-bottom:var(--wp--preset--spacing--10)\">\n<figure class=\"wp-block-image size-large\"><img loading=\"lazy\" decoding=\"async\" width=\"1024\" height=\"1024\" data-id=\"184\" src=\"https:\/\/liseamaniou.com\/wp-content\/uploads\/2025\/01\/studio1-1024x1024.webp\" alt=\"\" class=\"wp-image-184\" srcset=\"https:\/\/liseamaniou.com\/wp-content\/uploads\/2025\/01\/studio1-1024x1024.webp 1024w, https:\/\/liseamaniou.com\/wp-content\/uploads\/2025\/01\/studio1-300x300.webp 300w, https:\/\/liseamaniou.com\/wp-content\/uploads\/2025\/01\/studio1-150x150.webp 150w, https:\/\/liseamaniou.com\/wp-content\/uploads\/2025\/01\/studio1-768x768.webp 768w, https:\/\/liseamaniou.com\/wp-content\/uploads\/2025\/01\/studio1.webp 1440w\" sizes=\"auto, (max-width: 1024px) 100vw, 1024px\" \/><\/figure>\n\n\n\n<figure class=\"wp-block-image size-large\"><img loading=\"lazy\" decoding=\"async\" width=\"1024\" height=\"1024\" data-id=\"186\" src=\"https:\/\/liseamaniou.com\/wp-content\/uploads\/2025\/01\/studio3-1024x1024.webp\" alt=\"\" class=\"wp-image-186\" srcset=\"https:\/\/liseamaniou.com\/wp-content\/uploads\/2025\/01\/studio3-1024x1024.webp 1024w, https:\/\/liseamaniou.com\/wp-content\/uploads\/2025\/01\/studio3-300x300.webp 300w, https:\/\/liseamaniou.com\/wp-content\/uploads\/2025\/01\/studio3-150x150.webp 150w, https:\/\/liseamaniou.com\/wp-content\/uploads\/2025\/01\/studio3-768x768.webp 768w, https:\/\/liseamaniou.com\/wp-content\/uploads\/2025\/01\/studio3.webp 1440w\" sizes=\"auto, (max-width: 1024px) 100vw, 1024px\" \/><\/figure>\n\n\n\n<figure class=\"wp-block-image size-large\"><img loading=\"lazy\" decoding=\"async\" width=\"1024\" height=\"1024\" data-id=\"185\" src=\"https:\/\/liseamaniou.com\/wp-content\/uploads\/2025\/01\/studio2-1024x1024.webp\" alt=\"\" class=\"wp-image-185\" srcset=\"https:\/\/liseamaniou.com\/wp-content\/uploads\/2025\/01\/studio2-1024x1024.webp 1024w, https:\/\/liseamaniou.com\/wp-content\/uploads\/2025\/01\/studio2-300x300.webp 300w, https:\/\/liseamaniou.com\/wp-content\/uploads\/2025\/01\/studio2-150x150.webp 150w, https:\/\/liseamaniou.com\/wp-content\/uploads\/2025\/01\/studio2-768x768.webp 768w, https:\/\/liseamaniou.com\/wp-content\/uploads\/2025\/01\/studio2.webp 1440w\" sizes=\"auto, (max-width: 1024px) 100vw, 1024px\" \/><\/figure>\n<\/figure>\n\n\n\n<div class=\"wp-block-columns is-not-stacked-on-mobile is-layout-flex wp-container-core-columns-is-layout-28f84493 wp-block-columns-is-layout-flex\">\n<div class=\"wp-block-column is-vertically-aligned-center is-layout-flow wp-block-column-is-layout-flow\" style=\"flex-basis:50px\">\n<div id=\"wp-block-themeisle-blocks-font-awesome-icons-2a506ccb\" class=\"wp-block-themeisle-blocks-font-awesome-icons\"><span class=\"wp-block-themeisle-blocks-font-awesome-icons-container\"><i class=\"fas fa-map-pin\"><\/i><\/span><\/div>\n<\/div>\n\n\n\n<div class=\"wp-block-column is-vertically-aligned-center is-layout-flow wp-block-column-is-layout-flow\">\n<p class=\"has-text-align-left\"><em>Jons v\u00e4g 21, Jonsered<\/em><\/p>\n<\/div>\n<\/div>\n\n\n\n<div style=\"height:100px\" aria-hidden=\"true\" class=\"wp-block-spacer\"><\/div>\n\n\n\n<h2 id=\"wp-block-themeisle-blocks-advanced-heading-a9a007aa\" class=\"wp-block-themeisle-blocks-advanced-heading wp-block-themeisle-blocks-advanced-heading-a9a007aa\">S\u00e5 h\u00e4r bokar du<\/h2>\n\n\n\n<div id=\"wp-block-themeisle-blocks-advanced-columns-7dcf5423\" class=\"wp-block-themeisle-blocks-advanced-columns has-2-columns has-desktop-equal-layout has-tablet-equal-layout has-mobile-collapsedRows-layout has-vertical-center\"><div class=\"wp-block-themeisle-blocks-advanced-columns-overlay\"><\/div><div class=\"innerblocks-wrap\">\n<div id=\"wp-block-themeisle-blocks-advanced-column-5aedf4c9\" class=\"wp-block-themeisle-blocks-advanced-column\">\n<figure class=\"wp-block-image aligncenter size-full is-resized\"><img loading=\"lazy\" decoding=\"async\" width=\"559\" height=\"582\" src=\"https:\/\/liseamaniou.com\/wp-content\/uploads\/2025\/03\/undraw_choose_j1ds-0cb725.svg\" alt=\"\" class=\"wp-image-263\" style=\"width:248px;height:auto\"\/><\/figure>\n<\/div>\n\n\n\n<div id=\"wp-block-themeisle-blocks-advanced-column-4fbe885f\" class=\"wp-block-themeisle-blocks-advanced-column\">\n<p class=\"has-text-color has-large-font-size\" style=\"color:#cb9715\"><strong>1. <\/strong>V\u00e4lj en lektion<\/p>\n\n\n\n<ul class=\"wp-block-list\">\n<li><strong>Warrior Flow<\/strong> \ud83c\uddec\ud83c\udde7 &#8212; every Monday 18.15 &#8211; 19.30<\/li>\n\n\n\n<li><strong>Midweek Recharge<\/strong> \ud83c\uddec\ud83c\udde7 &#8211; Paused for now<\/li>\n<\/ul>\n\n\n\n<p>Klicka nedan om du vill veta mer om de olika typerna av yoga, hur en lektion ser ut och min filosofi:<\/p>\n\n\n\n<div class=\"wp-block-buttons is-layout-flex wp-block-buttons-is-layout-flex\">\n<div class=\"wp-block-button\"><a class=\"wp-block-button__link wp-element-button\" href=\"https:\/\/liseamaniou.com\/sv\/philosophy\/\" target=\"_blank\" rel=\"noreferrer noopener\">L\u00e4r dig mer om lektionerna<\/a><\/div>\n<\/div>\n<\/div>\n<\/div><\/div>\n\n\n\n<div style=\"height:100px\" aria-hidden=\"true\" class=\"wp-block-spacer\"><\/div>\n\n\n\n<p class=\"has-text-color has-large-font-size\" style=\"color:#cb9715\"><strong>2. <\/strong>Book here<\/p>\n\n\n\n<p><strong>Please note: all booked lessons are due and non-refundable. You can rebook if you let me know at least 24h in advance. <\/strong><\/p>\n\n\n\n<p><strong>If you&#8217;re sick, let me know as soon as you can.<\/strong><\/p>\n\n\n\n<p>I like the simplicity of paying on site for you, so I don&#8217;t take any payment in advance but please respect the policy so that I have time to adapt if you need to cancel a booking. I can&#8217;t rebook last minute for everyone so I need to know in advance. Thank you, thank you \ud83d\ude4f\ud83c\udffb<\/p>\n\n\n\n<p>Remember to check with your company, yoga is usually covered by the wellness allowance (<em>friskv\u00e5rdsbidrag<\/em>) \ud83d\ude42<\/p>\n\n\n\n<p class=\"has-text-color has-link-color wp-elements-9d35e1c2b314755801a228f6bc6fb75e\" style=\"color:#cb9715\"><strong>Book here under or use my contact form \ud83d\ude42 <\/strong><\/p>\n\n\n\n<div style=\"height:60px\" aria-hidden=\"true\" class=\"wp-block-spacer\"><\/div>\n\n\n\n<div id=\"wp-block-themeisle-blocks-advanced-columns-d2afa3db\" class=\"wp-block-themeisle-blocks-advanced-columns has-2-columns has-desktop-equal-layout has-tablet-equal-layout has-mobile-collapsedRows-layout has-vertical-center\"><div class=\"wp-block-themeisle-blocks-advanced-columns-overlay\"><\/div><div class=\"innerblocks-wrap\">\n<div id=\"wp-block-themeisle-blocks-advanced-column-42bc67b7\" class=\"wp-block-themeisle-blocks-advanced-column\">\n<p class=\"has-text-color has-link-color wp-elements-9586262d803eb9a86cdb215d15456028\" style=\"color:#cb9715\"><strong>Try-out Lessons or Single Lessons<\/strong><\/p>\n\n\n\n<p>For try-out lessons (150 kr) or single lessons (250 kr), book below. You\u2019ll Swish in person before the class.<\/p>\n<\/div>\n\n\n\n<div id=\"wp-block-themeisle-blocks-advanced-column-dd3fb3af\" class=\"wp-block-themeisle-blocks-advanced-column\">\n<figure class=\"wp-block-image aligncenter size-full is-resized\"><img loading=\"lazy\" decoding=\"async\" width=\"783\" height=\"582\" src=\"https:\/\/liseamaniou.com\/wp-content\/uploads\/2025\/03\/undraw_texting_tgrx-2-6b5267.svg\" alt=\"\" class=\"wp-image-264\" style=\"width:342px;height:auto\"\/><\/figure>\n\n\n\n<p class=\"has-text-color has-link-color wp-elements-d9ff4d61062132a4dff839060c743dab\" style=\"color:#cb9715\"><\/p>\n\n\n\n<p><\/p>\n<\/div>\n<\/div><\/div>\n\n\n\n<div style=\"height:60px\" aria-hidden=\"true\" class=\"wp-block-spacer\"><\/div>\n\n\n\n<p class=\"has-text-color has-link-color wp-elements-2bcbe3da1e07ed99726dd2600054096d\" style=\"color:#cb9715\"><strong>10-lesson pack<\/strong><\/p>\n\n\n\n<p>A 10-lesson pack costs 2000 kr (200 kr per lesson).&nbsp;<\/p>\n\n\n\n<p>To get it:<\/p>\n\n\n\n<p>1\ufe0f\u20e3 Swish me the amount (scan the QR code below or use my phone number).<\/p>\n\n\n\n<figure class=\"wp-block-image aligncenter size-full is-resized\"><img loading=\"lazy\" decoding=\"async\" width=\"450\" height=\"450\" src=\"https:\/\/liseamaniou.com\/wp-content\/uploads\/2025\/01\/IMG_22F12774D4D3-1.webp\" alt=\"\" class=\"wp-image-196\" style=\"width:147px;height:auto\" srcset=\"https:\/\/liseamaniou.com\/wp-content\/uploads\/2025\/01\/IMG_22F12774D4D3-1.webp 450w, https:\/\/liseamaniou.com\/wp-content\/uploads\/2025\/01\/IMG_22F12774D4D3-1-300x300.webp 300w, https:\/\/liseamaniou.com\/wp-content\/uploads\/2025\/01\/IMG_22F12774D4D3-1-150x150.webp 150w\" sizes=\"auto, (max-width: 450px) 100vw, 450px\" \/><\/figure>\n\n\n\n<p>2\ufe0f\u20e3 Click <em>Book<\/em> and create an account at the top right of the booking page (if you don&#8217;t have one already).<\/p>\n\n\n\n<p>3\ufe0f\u20e3 Upon receiving your payment, I&#8217;ll manually add the 10-lesson pack to your profile so that you can use it to book the lessons.<\/p>\n\n\n\n<p>4\ufe0f\u20e3 To use it: select&nbsp;<strong>Entry &#8211; 1<\/strong>&nbsp;and the class will be paid by your pass, and the system will keep the count \ud83d\ude42<\/p>\n\n\n\n<div class=\"wp-block-columns are-vertically-aligned-bottom is-layout-flex wp-container-core-columns-is-layout-28f84493 wp-block-columns-is-layout-flex\">\n<div class=\"wp-block-column is-vertically-aligned-bottom is-layout-flow wp-block-column-is-layout-flow\">\n<p class=\"has-text-color has-link-color wp-elements-d9ff4d61062132a4dff839060c743dab\" style=\"color:#cb9715\"><\/p>\n<\/div>\n\n\n\n<div class=\"wp-block-column is-vertically-aligned-bottom is-layout-flow wp-block-column-is-layout-flow\">\n<p><\/p>\n<\/div>\n<\/div>\n\n\n<div id=\"zenamu-calendar\" calendar-id=\"d971f5eae1bd77f127210cde5d42bd8f\"><\/div>\n<p><script src=\"https:\/\/zenamu.com\/calendar\/list.js\" crossorigin><\/script><\/p>\n\n\n<div style=\"height:100px\" aria-hidden=\"true\" class=\"wp-block-spacer\"><\/div>\n\n\n\n<div id=\"wp-block-themeisle-blocks-advanced-columns-f2695ba1\" class=\"wp-block-themeisle-blocks-advanced-columns has-2-columns has-desktop-equal-layout has-tablet-equal-layout has-mobile-collapsedRows-layout has-vertical-unset\"><div class=\"wp-block-themeisle-blocks-advanced-columns-overlay\"><\/div><div class=\"innerblocks-wrap\">\n<div id=\"wp-block-themeisle-blocks-advanced-column-6452c508\" class=\"wp-block-themeisle-blocks-advanced-column\">\n<p class=\"has-text-color has-large-font-size\" style=\"color:#cb9715\"><strong>3. <\/strong>Kom till lektionen!<\/p>\n\n\n\n<p>Din bokning \u00e4r bekr\u00e4ftad. Du kan packa din v\u00e4ska (du har v\u00e4l inte gl\u00f6mt din vattenflaska?) och komma till lektionen!<\/p>\n\n\n\n<p>All material (mats, blocks, meditation cushions) are available at the studio.<\/p>\n\n\n\n<div class=\"wp-block-buttons is-layout-flex wp-block-buttons-is-layout-flex\">\n<div class=\"wp-block-button\"><a class=\"wp-block-button__link wp-element-button\" href=\"https:\/\/liseamaniou.com\/sv\/studio-nu\/\">Praktisk information om studion<\/a><\/div>\n<\/div>\n<\/div>\n\n\n\n<div id=\"wp-block-themeisle-blocks-advanced-column-1e0618d3\" class=\"wp-block-themeisle-blocks-advanced-column\">\n<figure class=\"wp-block-image aligncenter size-full is-resized\"><img loading=\"lazy\" decoding=\"async\" width=\"849\" height=\"718\" src=\"https:\/\/liseamaniou.com\/wp-content\/uploads\/2025\/03\/undraw_sweet-home_ezw3-43bb53.svg\" alt=\"\" class=\"wp-image-267\" style=\"width:342px;height:auto\"\/><\/figure>\n<\/div>\n<\/div><\/div>\n\n\n\n<div style=\"height:150px\" aria-hidden=\"true\" class=\"wp-block-spacer\"><\/div>\n\n\n\n<p><\/p>\n\n\n\n<p><\/p>","protected":false},"excerpt":{"rendered":"<p>Welcome to the beautiful Studio-NU in Jonsered! Jons v\u00e4g 21, Jonsered 2. Book here Please note: all booked lessons are due and non-refundable. You can rebook if you let me know at least 24h in advance. If you&#8217;re sick, let me know as soon as you can. I like the simplicity of paying on site [&hellip;]<\/p>","protected":false},"author":1,"featured_media":0,"parent":0,"menu_order":0,"comment_status":"closed","ping_status":"closed","template":"","meta":{"pmpro_default_level":"","_themeisle_gutenberg_block_has_review":false,"footnotes":""},"class_list":["post-182","page","type-page","status-publish","hentry","pmpro-has-access"],"_links":{"self":[{"href":"https:\/\/liseamaniou.com\/sv\/wp-json\/wp\/v2\/pages\/182","targetHints":{"allow":["GET"]}}],"collection":[{"href":"https:\/\/liseamaniou.com\/sv\/wp-json\/wp\/v2\/pages"}],"about":[{"href":"https:\/\/liseamaniou.com\/sv\/wp-json\/wp\/v2\/types\/page"}],"author":[{"embeddable":true,"href":"https:\/\/liseamaniou.com\/sv\/wp-json\/wp\/v2\/users\/1"}],"replies":[{"embeddable":true,"href":"https:\/\/liseamaniou.com\/sv\/wp-json\/wp\/v2\/comments?post=182"}],"version-history":[{"count":0,"href":"https:\/\/liseamaniou.com\/sv\/wp-json\/wp\/v2\/pages\/182\/revisions"}],"wp:attachment":[{"href":"https:\/\/liseamaniou.com\/sv\/wp-json\/wp\/v2\/media?parent=182"}],"curies":[{"name":"wp","href":"https:\/\/api.w.org\/{rel}","templated":true}]}}